{"id":2447,"date":"2025-02-12T14:07:51","date_gmt":"2025-02-12T14:07:51","guid":{"rendered":"https:\/\/www.annenutricion.es\/?post_type=product&#038;p=2447"},"modified":"2026-02-06T10:31:10","modified_gmt":"2026-02-06T10:31:10","slug":"curso-online-etiquetado-nutricional","status":"publish","type":"product","link":"https:\/\/www.annenutricion.es\/eusk\/produktua\/curso-online-etiquetado-nutricional\/","title":{"rendered":"Curso Online \u201cEtiquetado Nutricional\u201d"},"content":{"rendered":"<p>Aprende a cuidar tu alimentaci\u00f3n y salud, desde el momento de la compra.<br \/>\nEn ocasiones, entender toda la informaci\u00f3n que aparece en las etiquetas de los alimentos<br \/>\npuedes resultar complicado, \u00bfverdad? Se acabaron las dudas. A partir de hoy puedes formarte<br \/>\ncon el curso de Etiquetado Nutricional que lanzo yo misma y con todo el cari\u00f1o del mundo,<br \/>\ncon el prop\u00f3sito de ayudarte en la adquisici\u00f3n de conocimientos sobre nutrici\u00f3n y alimentaci\u00f3n<br \/>\nsaludable aplicables en el d\u00eda a d\u00eda y de forma sencilla.<\/p>\n<p><strong>1 clase online en v\u00eddeo (2 PARTES) + Material complementario. <\/strong><\/p>\n<p><strong>Duraci\u00f3n: 2 horas.<\/strong><br \/>\n<strong>*No caduca. Una vez comprado lo podr\u00e1s ver las veces que necesites.<\/strong><\/p>\n<p>Este curso es para ti si\u2026<br \/>\n&#8211; \u2026 a menudo te surgen dudas sobre si un alimento es o no saludable.<br \/>\n&#8211; \u2026 cuando coges un paquete y miras la etiqueta no sabes muy bien c\u00f3mo interpretarlo.<br \/>\n&#8211; \u2026 no quieres ser enga\u00f1ada por las estrategias de marketing.<\/p>\n<p>\u00bfQu\u00e9 vas a aprender?<br \/>\n&#8211; Planificar y organizar tu lista de la compra, aprender\u00e1s a elegir cuales son los mejores<br \/>\nproductos y sin caer en las mentiras que nos intentan vender.<br \/>\n&#8211; Dos trucos sencillos e infalibles para escoger un buen producto.<br \/>\n&#8211; Cu\u00e1les son los alimentos imprescindibles en nuestra cesta de la compra saludable.<br \/>\n&#8211; A leer etiquetas.<br \/>\n&#8211; Descubrir\u00e1s cuales son los enga\u00f1os m\u00e1s t\u00edpicos de la industria alimentaria y saber<br \/>\nreconocerlos r\u00e1pidamente.<br \/>\n&#8211; Tomar mejores decisiones de compra basadas en la informaci\u00f3n.<\/p>","protected":false},"excerpt":{"rendered":"<p>Aprende a cuidar tu alimentaci\u00f3n y salud, desde el momento de la compra. En ocasiones, entender toda la informaci\u00f3n que aparece en las etiquetas de los alimentos puedes resultar complicado, \u00bfverdad? Se acabaron las dudas. A partir de hoy puedes formarte con el Curso de Etiquetado Nutricional que lanzo yo misma y con todo el cari\u00f1o del mundo, con el prop\u00f3sito de ayudarte en la adquisici\u00f3n de conocimientos sobre nutrici\u00f3n y alimentaci\u00f3n saludable aplicables en el d\u00eda a d\u00eda y de forma sencilla.<\/p>","protected":false},"featured_media":2656,"comment_status":"open","ping_status":"closed","template":"","meta":{"_joinchat":[]},"product_brand":[],"product_cat":[29],"product_tag":[],"class_list":{"0":"post-2447","1":"product","2":"type-product","3":"status-publish","4":"has-post-thumbnail","6":"product_cat-sin-categorizar","7":"entry","9":"first","10":"instock","11":"downloadable","12":"virtual","13":"sold-individually","14":"purchasable","15":"product-type-simple"},"yoast_head":"<!-- This site is optimized with the Yoast SEO plugin v26.7 - https:\/\/yoast.com\/wordpress\/plugins\/seo\/ -->\n<title>Curso Online \u201cEtiquetado Nutricional\u201d - Anne Nutricion<\/title>\n<meta name=\"description\" content=\"Aprende a cuidar tu alimentaci\u00f3n y salud, desde el momento de la compra. En ocasiones, entender toda la informaci\u00f3n que aparece en las etiquetas de los alimentos puedes resultar complicado, \u00bfverdad? Se acabaron las dudas. A partir de hoy puedes formarte con el Curso de Etiquetado Nutricional que lanzo yo misma y con todo el cari\u00f1o del mundo, con el prop\u00f3sito de ayudarte en la adquisici\u00f3n de conocimientos sobre nutrici\u00f3n y alimentaci\u00f3n saludable aplicables en el d\u00eda a d\u00eda y de forma sencilla.\" \/>\n<meta name=\"robots\" content=\"index, follow, max-snippet:-1, max-image-preview:large, max-video-preview:-1\" \/>\n<link rel=\"canonical\" href=\"https:\/\/www.annenutricion.es\/eusk\/produktua\/curso-online-etiquetado-nutricional\/\" \/>\n<meta property=\"og:locale\" content=\"en_US\" \/>\n<meta property=\"og:type\" content=\"article\" \/>\n<meta property=\"og:title\" content=\"Curso Online \u201cEtiquetado Nutricional\u201d - Anne Nutricion\" \/>\n<meta property=\"og:description\" content=\"Aprende a cuidar tu alimentaci\u00f3n y salud, desde el momento de la compra. En ocasiones, entender toda la informaci\u00f3n que aparece en las etiquetas de los alimentos puedes resultar complicado, \u00bfverdad? Se acabaron las dudas. A partir de hoy puedes formarte con el Curso de Etiquetado Nutricional que lanzo yo misma y con todo el cari\u00f1o del mundo, con el prop\u00f3sito de ayudarte en la adquisici\u00f3n de conocimientos sobre nutrici\u00f3n y alimentaci\u00f3n saludable aplicables en el d\u00eda a d\u00eda y de forma sencilla.\" \/>\n<meta property=\"og:url\" content=\"https:\/\/www.annenutricion.es\/eusk\/produktua\/curso-online-etiquetado-nutricional\/\" \/>\n<meta property=\"og:site_name\" content=\"Anne Nutricion\" \/>\n<meta property=\"article:modified_time\" content=\"2026-02-06T10:31:10+00:00\" \/>\n<meta property=\"og:image\" content=\"https:\/\/www.annenutricion.es\/wp-content\/uploads\/2025\/02\/IMG_20250304_094939-scaled.jpg\" \/>\n\t<meta property=\"og:image:width\" content=\"1803\" \/>\n\t<meta property=\"og:image:height\" content=\"2560\" \/>\n\t<meta property=\"og:image:type\" content=\"image\/jpeg\" \/>\n<meta name=\"twitter:card\" content=\"summary_large_image\" \/>\n<meta name=\"twitter:label1\" content=\"Est. reading time\" \/>\n\t<meta name=\"twitter:data1\" content=\"2 minutua\" \/>\n<script type=\"application\/ld+json\" class=\"yoast-schema-graph\">{\"@context\":\"https:\/\/schema.org\",\"@graph\":[{\"@type\":\"WebPage\",\"@id\":\"https:\/\/www.annenutricion.es\/producto\/curso-online-etiquetado-nutricional\/\",\"url\":\"https:\/\/www.annenutricion.es\/producto\/curso-online-etiquetado-nutricional\/\",\"name\":\"Curso Online \u201cEtiquetado Nutricional\u201d - Anne Nutricion\",\"isPartOf\":{\"@id\":\"https:\/\/www.annenutricion.es\/#website\"},\"primaryImageOfPage\":{\"@id\":\"https:\/\/www.annenutricion.es\/producto\/curso-online-etiquetado-nutricional\/#primaryimage\"},\"image\":{\"@id\":\"https:\/\/www.annenutricion.es\/producto\/curso-online-etiquetado-nutricional\/#primaryimage\"},\"thumbnailUrl\":\"https:\/\/www.annenutricion.es\/wp-content\/uploads\/2025\/02\/IMG_20250304_094939-scaled.jpg\",\"datePublished\":\"2025-02-12T14:07:51+00:00\",\"dateModified\":\"2026-02-06T10:31:10+00:00\",\"description\":\"Aprende a cuidar tu alimentaci\u00f3n y salud, desde el momento de la compra. En ocasiones, entender toda la informaci\u00f3n que aparece en las etiquetas de los alimentos puedes resultar complicado, \u00bfverdad? Se acabaron las dudas. A partir de hoy puedes formarte con el Curso de Etiquetado Nutricional que lanzo yo misma y con todo el cari\u00f1o del mundo, con el prop\u00f3sito de ayudarte en la adquisici\u00f3n de conocimientos sobre nutrici\u00f3n y alimentaci\u00f3n saludable aplicables en el d\u00eda a d\u00eda y de forma sencilla.\",\"breadcrumb\":{\"@id\":\"https:\/\/www.annenutricion.es\/producto\/curso-online-etiquetado-nutricional\/#breadcrumb\"},\"inLanguage\":\"eu\",\"potentialAction\":[{\"@type\":\"ReadAction\",\"target\":[\"https:\/\/www.annenutricion.es\/producto\/curso-online-etiquetado-nutricional\/\"]}]},{\"@type\":\"ImageObject\",\"inLanguage\":\"eu\",\"@id\":\"https:\/\/www.annenutricion.es\/producto\/curso-online-etiquetado-nutricional\/#primaryimage\",\"url\":\"https:\/\/www.annenutricion.es\/wp-content\/uploads\/2025\/02\/IMG_20250304_094939-scaled.jpg\",\"contentUrl\":\"https:\/\/www.annenutricion.es\/wp-content\/uploads\/2025\/02\/IMG_20250304_094939-scaled.jpg\",\"width\":1803,\"height\":2560},{\"@type\":\"BreadcrumbList\",\"@id\":\"https:\/\/www.annenutricion.es\/producto\/curso-online-etiquetado-nutricional\/#breadcrumb\",\"itemListElement\":[{\"@type\":\"ListItem\",\"position\":1,\"name\":\"Home\",\"item\":\"https:\/\/www.annenutricion.es\/\"},{\"@type\":\"ListItem\",\"position\":2,\"name\":\"Talleres online\",\"item\":\"https:\/\/www.annenutricion.es\/talleres-online\/\"},{\"@type\":\"ListItem\",\"position\":3,\"name\":\"Curso Online \u201cEtiquetado Nutricional\u201d\"}]},{\"@type\":\"WebSite\",\"@id\":\"https:\/\/www.annenutricion.es\/#website\",\"url\":\"https:\/\/www.annenutricion.es\/\",\"name\":\"Anne Nutricion\",\"description\":\"Busco tu adherencia a la pauta nutricional, para construir h\u00e1bitos saludables duraderos y para siempre.\",\"publisher\":{\"@id\":\"https:\/\/www.annenutricion.es\/#organization\"},\"potentialAction\":[{\"@type\":\"SearchAction\",\"target\":{\"@type\":\"EntryPoint\",\"urlTemplate\":\"https:\/\/www.annenutricion.es\/?s={search_term_string}\"},\"query-input\":{\"@type\":\"PropertyValueSpecification\",\"valueRequired\":true,\"valueName\":\"search_term_string\"}}],\"inLanguage\":\"eu\"},{\"@type\":\"Organization\",\"@id\":\"https:\/\/www.annenutricion.es\/#organization\",\"name\":\"Anne Nutricion\",\"url\":\"https:\/\/www.annenutricion.es\/\",\"logo\":{\"@type\":\"ImageObject\",\"inLanguage\":\"eu\",\"@id\":\"https:\/\/www.annenutricion.es\/#\/schema\/logo\/image\/\",\"url\":\"https:\/\/www.annenutricion.es\/wp-content\/uploads\/2021\/01\/cropped-logo_sinmarco.png\",\"contentUrl\":\"https:\/\/www.annenutricion.es\/wp-content\/uploads\/2021\/01\/cropped-logo_sinmarco.png\",\"width\":1181,\"height\":443,\"caption\":\"Anne Nutricion\"},\"image\":{\"@id\":\"https:\/\/www.annenutricion.es\/#\/schema\/logo\/image\/\"}}]}<\/script>\n<!-- \/ Yoast SEO plugin. -->","yoast_head_json":{"title":"Curso Online \u201cEtiquetado Nutricional\u201d - Anne Nutricion","description":"Aprende a cuidar tu alimentaci\u00f3n y salud, desde el momento de la compra. En ocasiones, entender toda la informaci\u00f3n que aparece en las etiquetas de los alimentos puedes resultar complicado, \u00bfverdad? Se acabaron las dudas. A partir de hoy puedes formarte con el Curso de Etiquetado Nutricional que lanzo yo misma y con todo el cari\u00f1o del mundo, con el prop\u00f3sito de ayudarte en la adquisici\u00f3n de conocimientos sobre nutrici\u00f3n y alimentaci\u00f3n saludable aplicables en el d\u00eda a d\u00eda y de forma sencilla.","robots":{"index":"index","follow":"follow","max-snippet":"max-snippet:-1","max-image-preview":"max-image-preview:large","max-video-preview":"max-video-preview:-1"},"canonical":"https:\/\/www.annenutricion.es\/eusk\/produktua\/curso-online-etiquetado-nutricional\/","og_locale":"en_US","og_type":"article","og_title":"Curso Online \u201cEtiquetado Nutricional\u201d - Anne Nutricion","og_description":"Aprende a cuidar tu alimentaci\u00f3n y salud, desde el momento de la compra. En ocasiones, entender toda la informaci\u00f3n que aparece en las etiquetas de los alimentos puedes resultar complicado, \u00bfverdad? Se acabaron las dudas. A partir de hoy puedes formarte con el Curso de Etiquetado Nutricional que lanzo yo misma y con todo el cari\u00f1o del mundo, con el prop\u00f3sito de ayudarte en la adquisici\u00f3n de conocimientos sobre nutrici\u00f3n y alimentaci\u00f3n saludable aplicables en el d\u00eda a d\u00eda y de forma sencilla.","og_url":"https:\/\/www.annenutricion.es\/eusk\/produktua\/curso-online-etiquetado-nutricional\/","og_site_name":"Anne Nutricion","article_modified_time":"2026-02-06T10:31:10+00:00","og_image":[{"width":1803,"height":2560,"url":"https:\/\/www.annenutricion.es\/wp-content\/uploads\/2025\/02\/IMG_20250304_094939-scaled.jpg","type":"image\/jpeg"}],"twitter_card":"summary_large_image","twitter_misc":{"Est. reading time":"2 minutua"},"schema":{"@context":"https:\/\/schema.org","@graph":[{"@type":"WebPage","@id":"https:\/\/www.annenutricion.es\/producto\/curso-online-etiquetado-nutricional\/","url":"https:\/\/www.annenutricion.es\/producto\/curso-online-etiquetado-nutricional\/","name":"Curso Online \u201cEtiquetado Nutricional\u201d - Anne Nutricion","isPartOf":{"@id":"https:\/\/www.annenutricion.es\/#website"},"primaryImageOfPage":{"@id":"https:\/\/www.annenutricion.es\/producto\/curso-online-etiquetado-nutricional\/#primaryimage"},"image":{"@id":"https:\/\/www.annenutricion.es\/producto\/curso-online-etiquetado-nutricional\/#primaryimage"},"thumbnailUrl":"https:\/\/www.annenutricion.es\/wp-content\/uploads\/2025\/02\/IMG_20250304_094939-scaled.jpg","datePublished":"2025-02-12T14:07:51+00:00","dateModified":"2026-02-06T10:31:10+00:00","description":"Aprende a cuidar tu alimentaci\u00f3n y salud, desde el momento de la compra. En ocasiones, entender toda la informaci\u00f3n que aparece en las etiquetas de los alimentos puedes resultar complicado, \u00bfverdad? Se acabaron las dudas. A partir de hoy puedes formarte con el Curso de Etiquetado Nutricional que lanzo yo misma y con todo el cari\u00f1o del mundo, con el prop\u00f3sito de ayudarte en la adquisici\u00f3n de conocimientos sobre nutrici\u00f3n y alimentaci\u00f3n saludable aplicables en el d\u00eda a d\u00eda y de forma sencilla.","breadcrumb":{"@id":"https:\/\/www.annenutricion.es\/producto\/curso-online-etiquetado-nutricional\/#breadcrumb"},"inLanguage":"eu","potentialAction":[{"@type":"ReadAction","target":["https:\/\/www.annenutricion.es\/producto\/curso-online-etiquetado-nutricional\/"]}]},{"@type":"ImageObject","inLanguage":"eu","@id":"https:\/\/www.annenutricion.es\/producto\/curso-online-etiquetado-nutricional\/#primaryimage","url":"https:\/\/www.annenutricion.es\/wp-content\/uploads\/2025\/02\/IMG_20250304_094939-scaled.jpg","contentUrl":"https:\/\/www.annenutricion.es\/wp-content\/uploads\/2025\/02\/IMG_20250304_094939-scaled.jpg","width":1803,"height":2560},{"@type":"BreadcrumbList","@id":"https:\/\/www.annenutricion.es\/producto\/curso-online-etiquetado-nutricional\/#breadcrumb","itemListElement":[{"@type":"ListItem","position":1,"name":"Home","item":"https:\/\/www.annenutricion.es\/"},{"@type":"ListItem","position":2,"name":"Talleres online","item":"https:\/\/www.annenutricion.es\/talleres-online\/"},{"@type":"ListItem","position":3,"name":"Curso Online \u201cEtiquetado Nutricional\u201d"}]},{"@type":"WebSite","@id":"https:\/\/www.annenutricion.es\/#website","url":"https:\/\/www.annenutricion.es\/","name":"Anne Nutricion","description":"Nutrizio-jarraibidearekiko atxikimendua bilatzen dut, betirako ohitura osasuntsu iraunkorrak eraikitzeko.","publisher":{"@id":"https:\/\/www.annenutricion.es\/#organization"},"potentialAction":[{"@type":"SearchAction","target":{"@type":"EntryPoint","urlTemplate":"https:\/\/www.annenutricion.es\/?s={search_term_string}"},"query-input":{"@type":"PropertyValueSpecification","valueRequired":true,"valueName":"search_term_string"}}],"inLanguage":"eu"},{"@type":"Organization","@id":"https:\/\/www.annenutricion.es\/#organization","name":"Anne Nutricion","url":"https:\/\/www.annenutricion.es\/","logo":{"@type":"ImageObject","inLanguage":"eu","@id":"https:\/\/www.annenutricion.es\/#\/schema\/logo\/image\/","url":"https:\/\/www.annenutricion.es\/wp-content\/uploads\/2021\/01\/cropped-logo_sinmarco.png","contentUrl":"https:\/\/www.annenutricion.es\/wp-content\/uploads\/2021\/01\/cropped-logo_sinmarco.png","width":1181,"height":443,"caption":"Anne Nutricion"},"image":{"@id":"https:\/\/www.annenutricion.es\/#\/schema\/logo\/image\/"}}]}},"_links":{"self":[{"href":"https:\/\/www.annenutricion.es\/eusk\/wp-json\/wp\/v2\/product\/2447","targetHints":{"allow":["GET"]}}],"collection":[{"href":"https:\/\/www.annenutricion.es\/eusk\/wp-json\/wp\/v2\/product"}],"about":[{"href":"https:\/\/www.annenutricion.es\/eusk\/wp-json\/wp\/v2\/types\/product"}],"replies":[{"embeddable":true,"href":"https:\/\/www.annenutricion.es\/eusk\/wp-json\/wp\/v2\/comments?post=2447"}],"wp:featuredmedia":[{"embeddable":true,"href":"https:\/\/www.annenutricion.es\/eusk\/wp-json\/wp\/v2\/media\/2656"}],"wp:attachment":[{"href":"https:\/\/www.annenutricion.es\/eusk\/wp-json\/wp\/v2\/media?parent=2447"}],"wp:term":[{"taxonomy":"product_brand","embeddable":true,"href":"https:\/\/www.annenutricion.es\/eusk\/wp-json\/wp\/v2\/product_brand?post=2447"},{"taxonomy":"product_cat","embeddable":true,"href":"https:\/\/www.annenutricion.es\/eusk\/wp-json\/wp\/v2\/product_cat?post=2447"},{"taxonomy":"product_tag","embeddable":true,"href":"https:\/\/www.annenutricion.es\/eusk\/wp-json\/wp\/v2\/product_tag?post=2447"}],"curies":[{"name":"wp","href":"https:\/\/api.w.org\/{rel}","templated":true}]}}