{"id":972,"date":"2021-02-12T11:42:11","date_gmt":"2021-02-12T11:42:11","guid":{"rendered":"https:\/\/www.annenutricion.es\/?page_id=972"},"modified":"2024-03-09T10:55:38","modified_gmt":"2024-03-09T10:55:38","slug":"politica-de-cookies","status":"publish","type":"page","link":"https:\/\/www.annenutricion.es\/eusk\/politica-de-cookies\/","title":{"rendered":"Cookien politika"},"content":{"rendered":"<div data-elementor-type=\"wp-page\" data-elementor-id=\"972\" class=\"elementor elementor-972\" data-elementor-post-type=\"page\">\n\t\t\t\t\t\t<section class=\"elementor-section elementor-top-section elementor-element elementor-element-7f51823e elementor-section-boxed elementor-section-height-default elementor-section-height-default\" data-id=\"7f51823e\" data-element_type=\"section\">\n\t\t\t\t\t\t<div class=\"elementor-container elementor-column-gap-default\">\n\t\t\t\t\t<div class=\"elementor-column elementor-col-100 elementor-top-column elementor-element elementor-element-22157ee2\" data-id=\"22157ee2\" data-element_type=\"column\">\n\t\t\t<div class=\"elementor-widget-wrap elementor-element-populated\">\n\t\t\t\t\t\t<div class=\"elementor-element elementor-element-2a5bc675 elementor-widget elementor-widget-heading\" data-id=\"2a5bc675\" data-element_type=\"widget\" data-widget_type=\"heading.default\">\n\t\t\t\t<div class=\"elementor-widget-container\">\n\t\t\t\t\t<h2 class=\"elementor-heading-title elementor-size-default\">POL\u00cdTICA DE COOKIES<\/h2>\t\t\t\t<\/div>\n\t\t\t\t<\/div>\n\t\t\t\t<div class=\"elementor-element elementor-element-6a0fb994 elementor-widget elementor-widget-text-editor\" data-id=\"6a0fb994\" data-element_type=\"widget\" data-widget_type=\"text-editor.default\">\n\t\t\t\t<div class=\"elementor-widget-container\">\n\t\t\t\t\t\t\t\t\t<h3>a) Definici\u00f3n<\/h3><p>Una cookie es un fichero que se descarga en su ordenador\/smartphone\/tablet al acceder a determinadas p\u00e1ginas web. Las cookies permiten a una p\u00e1gina web, entre otras cosas, almacenar y recuperar informaci\u00f3n sobre los h\u00e1bitos de navegaci\u00f3n de un usuario o de su equipo y, dependiendo de la informaci\u00f3n que contengan y de la forma en que utilice su equipo, pueden utilizarse para reconocer al usuario.<\/p><p>\u00a0<\/p><p>Una de las clasificaciones que se puede hacer de las cookies es sobre la finalidad a la que se destinan, as\u00ed tenemos varios tipos:<br \/><br \/><br \/><\/p><h5>&#8211; Cookies t\u00e9cnicas:<\/h5><p>Son aqu\u00e9llas que permiten al usuario la navegaci\u00f3n a trav\u00e9s de una p\u00e1gina web, plataforma o aplicaci\u00f3n y la utilizaci\u00f3n de las diferentes opciones o servicios que en ella existan como, por ejemplo, controlar el tr\u00e1fico y la comunicaci\u00f3n de datos, identificar la sesi\u00f3n, acceder a partes de acceso restringido, recordar los elementos que integran un pedido, realizar el proceso de compra de un pedido, realizar la solicitud de inscripci\u00f3n o participaci\u00f3n en un evento, utilizar elementos de seguridad durante la navegaci\u00f3n, almacenar contenidos para la difusi\u00f3n de videos o sonido o compartir contenidos a trav\u00e9s de redes sociales.<\/p><p>\u00a0<\/p><h5>&#8211; Cookies de personalizaci\u00f3n:<\/h5><p>Son aqu\u00e9llas que permiten al usuario acceder al servicio con algunas caracter\u00edsticas de car\u00e1cter general predefinidas en funci\u00f3n de una serie de criterios en el terminal del usuario como por ejemplo serian el idioma, el tipo de navegador a trav\u00e9s del cual accede al servicio, la configuraci\u00f3n regional desde donde accede al servicio, etc.<\/p><p>\u00a0<\/p><h5>&#8211; Cookies de an\u00e1lisis:<\/h5><p>Son aqu\u00e9llas que permiten al responsable de las mismas, el seguimiento y an\u00e1lisis del comportamiento de los usuarios de los sitios web a los que est\u00e1n vinculadas. La informaci\u00f3n recogida mediante este tipo de cookies se utiliza en la medici\u00f3n de la actividad de los sitios web, aplicaci\u00f3n o plataforma y para la elaboraci\u00f3n de perfiles de navegaci\u00f3n de los usuarios de dichos sitios, aplicaciones y plataformas, con el fin de introducir mejoras en funci\u00f3n del an\u00e1lisis de los datos de uso que hacen los usuarios del servicio.<\/p><p>\u00a0<\/p><h5>&#8211; Cookies publicitarias:<\/h5><p>Son aqu\u00e9llas que permiten la gesti\u00f3n, de la forma m\u00e1s eficaz posible, de los espacios publicitarios que, en su caso, el editor haya incluido en una p\u00e1gina web, aplicaci\u00f3n o plataforma desde la que presta el servicio solicitado en base a criterios como el contenido editado o la frecuencia en la que se muestran los anuncios.<\/p><p>\u00a0<\/p><p>&#8211; Cookies de publicidad comportamental: Son aqu\u00e9llas que permiten la gesti\u00f3n, de la forma m\u00e1s eficaz posible, de los espacios publicitarios que, en su caso, el editor haya incluido en una p\u00e1gina web, aplicaci\u00f3n o plataforma desde la que presta el servicio solicitado. Estas cookies almacenan informaci\u00f3n del comportamiento de los usuarios obtenida a trav\u00e9s de la observaci\u00f3n continuada de sus h\u00e1bitos de navegaci\u00f3n, lo que permite desarrollar un perfil espec\u00edfico para mostrar publicidad en funci\u00f3n del mismo.<\/p><p>\u00a0<\/p><h3>b) Tipos de cookies en esta web<\/h3><p><style>\n    a.cky-banner-element {<br \/>        padding: 8px 30px;<br \/>        background: #F8F9FA;<br \/>        color: #858A8F;<br \/>        border: 1px solid #DEE2E6;<br \/>        box-sizing: border-box;<br \/>        border-radius: 2px;<br \/>        cursor: pointer;<br \/>}<br \/><\/style><\/p><div class=\"cky-audit-table-element\">\u00a0<\/div><h5 style=\"margin-bottom: 20px;\">Manage cookie preferences<\/h5><p><a class=\"cky-banner-element\">Cookie Settings<\/a><\/p><h3>\u00a0<\/h3><h3><strong>c) \u00bfC\u00f3mo puedo desactivar o eliminar estas cookies en los navegadores?<\/strong><\/h3><p>Al clicar en alg\u00fan enlace de esta <em>web<\/em> se pueden instalar cookies. Una vez abandone esta p\u00e1gina, revise la pol\u00edtica de cookies de esos sitios.<\/p><p>El usuario podr\u00e1 -en cualquier momento- elegir qu\u00e9 cookies quiere que funcionen en este sitio web mediante la configuraci\u00f3n del <strong>navegador<\/strong>; por ejemplo:<\/p><ul><li><strong>Chrome<\/strong>, desde <a class=\"sin_fondo\" href=\"http:\/\/support.google.com\/chrome\/bin\/answer.py?hl=es&amp;answer=95647\">http:\/\/support.google.com\/chrome\/bin\/answer.py?hl=es&amp;answer=95647<\/a><\/li><li><strong>Explorer<\/strong>, desde <a class=\"sin_fondo\" href=\"http:\/\/windows.microsoft.com\/es-es\/windows7\/how-to-manage-cookies-in-internet-explorer-9\">http:\/\/windows.microsoft.com\/es-es\/windows7\/how-to-manage-cookies-in-internet-explorer-9<\/a><\/li><li><strong>Firefox<\/strong>, desde <a class=\"sin_fondo\" href=\"http:\/\/support.mozilla.org\/es\/kb\/habilitar-y-deshabilitar-cookies-que-los-sitios-we\">http:\/\/support.mozilla.org\/es\/kb\/habilitar-y-deshabilitar-cookies-que-los-sitios-we<\/a><\/li><li><strong>Safari<\/strong>, desde <a class=\"sin_fondo\" href=\"http:\/\/support.apple.com\/kb\/ph5042\">http:\/\/support.apple.com\/kb\/ph5042<\/a><\/li><\/ul><p>\u00a0<\/p><h3><strong>d) Qu\u00e9 ocurre si se deshabilitan las Cookies<\/strong><\/h3><p>Algunas funcionalidades de los servicios quedar\u00e1n deshabilitadas.<\/p>\t\t\t\t\t\t\t\t<\/div>\n\t\t\t\t<\/div>\n\t\t\t\t\t<\/div>\n\t\t<\/div>\n\t\t\t\t\t<\/div>\n\t\t<\/section>\n\t\t\t\t<\/div>","protected":false},"excerpt":{"rendered":"<p>POL\u00cdTICA DE COOKIES a) Definici\u00f3n Una cookie es un fichero que se descarga en su ordenador\/smartphone\/tablet al acceder a determinadas p\u00e1ginas web. Las cookies permiten a una p\u00e1gina web, entre otras cosas, almacenar y recuperar informaci\u00f3n sobre los h\u00e1bitos de navegaci\u00f3n de un usuario o de su equipo y, dependiendo de la informaci\u00f3n que contengan&hellip; <a class=\"more-link\" href=\"https:\/\/www.annenutricion.es\/eusk\/politica-de-cookies\/\">Jarrai ezazu <span class=\"screen-reader-text\">Cookien politika<\/span> irakurtzen<\/a><\/p>","protected":false},"author":1,"featured_media":0,"parent":0,"menu_order":0,"comment_status":"closed","ping_status":"closed","template":"elementor_header_footer","meta":{"_joinchat":[],"footnotes":""},"class_list":["post-972","page","type-page","status-publish","hentry","entry"],"yoast_head":"<!-- This site is optimized with the Yoast SEO plugin v26.7 - https:\/\/yoast.com\/wordpress\/plugins\/seo\/ -->\n<title>Pol\u00edtica de cookies - Anne Nutricion<\/title>\n<meta name=\"robots\" content=\"index, follow, max-snippet:-1, max-image-preview:large, max-video-preview:-1\" \/>\n<link rel=\"canonical\" href=\"https:\/\/www.annenutricion.es\/eusk\/politica-de-cookies\/\" \/>\n<meta property=\"og:locale\" content=\"en_US\" \/>\n<meta property=\"og:type\" content=\"article\" \/>\n<meta property=\"og:title\" content=\"Pol\u00edtica de cookies - Anne Nutricion\" \/>\n<meta property=\"og:description\" content=\"POL\u00cdTICA DE COOKIES a) Definici\u00f3n Una cookie es un fichero que se descarga en su ordenador\/smartphone\/tablet al acceder a determinadas p\u00e1ginas web. Las cookies permiten a una p\u00e1gina web, entre otras cosas, almacenar y recuperar informaci\u00f3n sobre los h\u00e1bitos de navegaci\u00f3n de un usuario o de su equipo y, dependiendo de la informaci\u00f3n que contengan&hellip; Jarrai ezazu Pol\u00edtica de cookies irakurtzen\" \/>\n<meta property=\"og:url\" content=\"https:\/\/www.annenutricion.es\/eusk\/politica-de-cookies\/\" \/>\n<meta property=\"og:site_name\" content=\"Anne Nutricion\" \/>\n<meta property=\"article:modified_time\" content=\"2024-03-09T10:55:38+00:00\" \/>\n<meta name=\"twitter:card\" content=\"summary_large_image\" \/>\n<meta name=\"twitter:label1\" content=\"Est. reading time\" \/>\n\t<meta name=\"twitter:data1\" content=\"3 minutua\" \/>\n<script type=\"application\/ld+json\" class=\"yoast-schema-graph\">{\"@context\":\"https:\/\/schema.org\",\"@graph\":[{\"@type\":\"WebPage\",\"@id\":\"https:\/\/www.annenutricion.es\/politica-de-cookies\/\",\"url\":\"https:\/\/www.annenutricion.es\/politica-de-cookies\/\",\"name\":\"Pol\u00edtica de cookies - Anne Nutricion\",\"isPartOf\":{\"@id\":\"https:\/\/www.annenutricion.es\/#website\"},\"datePublished\":\"2021-02-12T11:42:11+00:00\",\"dateModified\":\"2024-03-09T10:55:38+00:00\",\"breadcrumb\":{\"@id\":\"https:\/\/www.annenutricion.es\/politica-de-cookies\/#breadcrumb\"},\"inLanguage\":\"eu\",\"potentialAction\":[{\"@type\":\"ReadAction\",\"target\":[\"https:\/\/www.annenutricion.es\/politica-de-cookies\/\"]}]},{\"@type\":\"BreadcrumbList\",\"@id\":\"https:\/\/www.annenutricion.es\/politica-de-cookies\/#breadcrumb\",\"itemListElement\":[{\"@type\":\"ListItem\",\"position\":1,\"name\":\"Home\",\"item\":\"https:\/\/www.annenutricion.es\/\"},{\"@type\":\"ListItem\",\"position\":2,\"name\":\"Pol\u00edtica de cookies\"}]},{\"@type\":\"WebSite\",\"@id\":\"https:\/\/www.annenutricion.es\/#website\",\"url\":\"https:\/\/www.annenutricion.es\/\",\"name\":\"Anne Nutricion\",\"description\":\"Busco tu adherencia a la pauta nutricional, para construir h\u00e1bitos saludables duraderos y para siempre.\",\"publisher\":{\"@id\":\"https:\/\/www.annenutricion.es\/#organization\"},\"potentialAction\":[{\"@type\":\"SearchAction\",\"target\":{\"@type\":\"EntryPoint\",\"urlTemplate\":\"https:\/\/www.annenutricion.es\/?s={search_term_string}\"},\"query-input\":{\"@type\":\"PropertyValueSpecification\",\"valueRequired\":true,\"valueName\":\"search_term_string\"}}],\"inLanguage\":\"eu\"},{\"@type\":\"Organization\",\"@id\":\"https:\/\/www.annenutricion.es\/#organization\",\"name\":\"Anne Nutricion\",\"url\":\"https:\/\/www.annenutricion.es\/\",\"logo\":{\"@type\":\"ImageObject\",\"inLanguage\":\"eu\",\"@id\":\"https:\/\/www.annenutricion.es\/#\/schema\/logo\/image\/\",\"url\":\"https:\/\/www.annenutricion.es\/wp-content\/uploads\/2021\/01\/cropped-logo_sinmarco.png\",\"contentUrl\":\"https:\/\/www.annenutricion.es\/wp-content\/uploads\/2021\/01\/cropped-logo_sinmarco.png\",\"width\":1181,\"height\":443,\"caption\":\"Anne Nutricion\"},\"image\":{\"@id\":\"https:\/\/www.annenutricion.es\/#\/schema\/logo\/image\/\"}}]}<\/script>\n<!-- \/ Yoast SEO plugin. -->","yoast_head_json":{"title":"Pol\u00edtica de cookies - Anne Nutricion","robots":{"index":"index","follow":"follow","max-snippet":"max-snippet:-1","max-image-preview":"max-image-preview:large","max-video-preview":"max-video-preview:-1"},"canonical":"https:\/\/www.annenutricion.es\/eusk\/politica-de-cookies\/","og_locale":"en_US","og_type":"article","og_title":"Pol\u00edtica de cookies - Anne Nutricion","og_description":"POL\u00cdTICA DE COOKIES a) Definici\u00f3n Una cookie es un fichero que se descarga en su ordenador\/smartphone\/tablet al acceder a determinadas p\u00e1ginas web. Las cookies permiten a una p\u00e1gina web, entre otras cosas, almacenar y recuperar informaci\u00f3n sobre los h\u00e1bitos de navegaci\u00f3n de un usuario o de su equipo y, dependiendo de la informaci\u00f3n que contengan&hellip; Jarrai ezazu Pol\u00edtica de cookies irakurtzen","og_url":"https:\/\/www.annenutricion.es\/eusk\/politica-de-cookies\/","og_site_name":"Anne Nutricion","article_modified_time":"2024-03-09T10:55:38+00:00","twitter_card":"summary_large_image","twitter_misc":{"Est. reading time":"3 minutua"},"schema":{"@context":"https:\/\/schema.org","@graph":[{"@type":"WebPage","@id":"https:\/\/www.annenutricion.es\/politica-de-cookies\/","url":"https:\/\/www.annenutricion.es\/politica-de-cookies\/","name":"Pol\u00edtica de cookies - Anne Nutricion","isPartOf":{"@id":"https:\/\/www.annenutricion.es\/#website"},"datePublished":"2021-02-12T11:42:11+00:00","dateModified":"2024-03-09T10:55:38+00:00","breadcrumb":{"@id":"https:\/\/www.annenutricion.es\/politica-de-cookies\/#breadcrumb"},"inLanguage":"eu","potentialAction":[{"@type":"ReadAction","target":["https:\/\/www.annenutricion.es\/politica-de-cookies\/"]}]},{"@type":"BreadcrumbList","@id":"https:\/\/www.annenutricion.es\/politica-de-cookies\/#breadcrumb","itemListElement":[{"@type":"ListItem","position":1,"name":"Home","item":"https:\/\/www.annenutricion.es\/"},{"@type":"ListItem","position":2,"name":"Pol\u00edtica de cookies"}]},{"@type":"WebSite","@id":"https:\/\/www.annenutricion.es\/#website","url":"https:\/\/www.annenutricion.es\/","name":"Anne Nutricion","description":"Nutrizio-jarraibidearekiko atxikimendua bilatzen dut, betirako ohitura osasuntsu iraunkorrak eraikitzeko.","publisher":{"@id":"https:\/\/www.annenutricion.es\/#organization"},"potentialAction":[{"@type":"SearchAction","target":{"@type":"EntryPoint","urlTemplate":"https:\/\/www.annenutricion.es\/?s={search_term_string}"},"query-input":{"@type":"PropertyValueSpecification","valueRequired":true,"valueName":"search_term_string"}}],"inLanguage":"eu"},{"@type":"Organization","@id":"https:\/\/www.annenutricion.es\/#organization","name":"Anne Nutricion","url":"https:\/\/www.annenutricion.es\/","logo":{"@type":"ImageObject","inLanguage":"eu","@id":"https:\/\/www.annenutricion.es\/#\/schema\/logo\/image\/","url":"https:\/\/www.annenutricion.es\/wp-content\/uploads\/2021\/01\/cropped-logo_sinmarco.png","contentUrl":"https:\/\/www.annenutricion.es\/wp-content\/uploads\/2021\/01\/cropped-logo_sinmarco.png","width":1181,"height":443,"caption":"Anne Nutricion"},"image":{"@id":"https:\/\/www.annenutricion.es\/#\/schema\/logo\/image\/"}}]}},"_links":{"self":[{"href":"https:\/\/www.annenutricion.es\/eusk\/wp-json\/wp\/v2\/pages\/972","targetHints":{"allow":["GET"]}}],"collection":[{"href":"https:\/\/www.annenutricion.es\/eusk\/wp-json\/wp\/v2\/pages"}],"about":[{"href":"https:\/\/www.annenutricion.es\/eusk\/wp-json\/wp\/v2\/types\/page"}],"author":[{"embeddable":true,"href":"https:\/\/www.annenutricion.es\/eusk\/wp-json\/wp\/v2\/users\/1"}],"replies":[{"embeddable":true,"href":"https:\/\/www.annenutricion.es\/eusk\/wp-json\/wp\/v2\/comments?post=972"}],"version-history":[{"count":26,"href":"https:\/\/www.annenutricion.es\/eusk\/wp-json\/wp\/v2\/pages\/972\/revisions"}],"predecessor-version":[{"id":2317,"href":"https:\/\/www.annenutricion.es\/eusk\/wp-json\/wp\/v2\/pages\/972\/revisions\/2317"}],"wp:attachment":[{"href":"https:\/\/www.annenutricion.es\/eusk\/wp-json\/wp\/v2\/media?parent=972"}],"curies":[{"name":"wp","href":"https:\/\/api.w.org\/{rel}","templated":true}]}}