{"id":17,"date":"2021-01-26T16:03:36","date_gmt":"2021-01-26T16:03:36","guid":{"rendered":"https:\/\/www.annenutricion.es\/?page_id=17"},"modified":"2025-07-29T18:49:38","modified_gmt":"2025-07-29T18:49:38","slug":"contacta","status":"publish","type":"page","link":"https:\/\/www.annenutricion.es\/eusk\/contacta\/","title":{"rendered":"Harremanetan jarri"},"content":{"rendered":"<div data-elementor-type=\"wp-page\" data-elementor-id=\"17\" class=\"elementor elementor-17\" data-elementor-post-type=\"page\">\n\t\t\t\t\t\t<section class=\"elementor-section elementor-top-section elementor-element elementor-element-69d487e9 elementor-section-full_width elementor-section-height-min-height elementor-section-items-stretch elementor-section-content-bottom elementor-section-height-default\" data-id=\"69d487e9\" data-element_type=\"section\">\n\t\t\t\t\t\t<div class=\"elementor-container elementor-column-gap-no\">\n\t\t\t\t\t<div class=\"elementor-column elementor-col-50 elementor-top-column elementor-element elementor-element-38272cb4\" data-id=\"38272cb4\" data-element_type=\"column\" data-settings=\"{&quot;background_background&quot;:&quot;classic&quot;,&quot;background_motion_fx_motion_fx_scrolling&quot;:&quot;yes&quot;,&quot;background_motion_fx_devices&quot;:[&quot;desktop&quot;,&quot;tablet&quot;,&quot;mobile&quot;]}\">\n\t\t\t<div class=\"elementor-widget-wrap elementor-element-populated\">\n\t\t\t\t\t\t<div class=\"elementor-element elementor-element-441d47d animated-slow elementor-invisible elementor-widget elementor-widget-heading\" data-id=\"441d47d\" data-element_type=\"widget\" data-settings=\"{&quot;_animation&quot;:&quot;slideInLeft&quot;}\" data-widget_type=\"heading.default\">\n\t\t\t\t<div class=\"elementor-widget-container\">\n\t\t\t\t\t<h1 class=\"elementor-heading-title elementor-size-default\">Nirekin harremanetan jarri <\/h1>\t\t\t\t<\/div>\n\t\t\t\t<\/div>\n\t\t\t\t<div class=\"elementor-element elementor-element-64fde45b animated-slow elementor-invisible elementor-widget elementor-widget-heading\" data-id=\"64fde45b\" data-element_type=\"widget\" data-settings=\"{&quot;_animation&quot;:&quot;slideInLeft&quot;}\" data-widget_type=\"heading.default\">\n\t\t\t\t<div class=\"elementor-widget-container\">\n\t\t\t\t\t<h6 class=\"elementor-heading-title elementor-size-default\">Kaixo, zalantzarik? kontaidazu zer behar duzun ahalik eta laisterren has gaitezen.<br><br>\nZure txanda hemen <a href=\"https:\/\/www.annenutricion.es\/eusk\/contacta\/#form\">eskatu.<\/a>\n<\/h6>\t\t\t\t<\/div>\n\t\t\t\t<\/div>\n\t\t\t\t<div class=\"elementor-element elementor-element-93ff1c9 animated-slow elementor-widget-divider--view-line elementor-invisible elementor-widget elementor-widget-divider\" data-id=\"93ff1c9\" data-element_type=\"widget\" data-settings=\"{&quot;_animation&quot;:&quot;slideInLeft&quot;}\" data-widget_type=\"divider.default\">\n\t\t\t\t<div class=\"elementor-widget-container\">\n\t\t\t\t\t\t\t<div class=\"elementor-divider\">\n\t\t\t<span class=\"elementor-divider-separator\">\n\t\t\t\t\t\t<\/span>\n\t\t<\/div>\n\t\t\t\t\t\t<\/div>\n\t\t\t\t<\/div>\n\t\t\t\t<div class=\"elementor-element elementor-element-0dfb9f8 animated-slow elementor-icon-list--layout-traditional elementor-list-item-link-full_width elementor-invisible elementor-widget elementor-widget-icon-list\" data-id=\"0dfb9f8\" data-element_type=\"widget\" data-settings=\"{&quot;_animation&quot;:&quot;slideInLeft&quot;}\" data-widget_type=\"icon-list.default\">\n\t\t\t\t<div class=\"elementor-widget-container\">\n\t\t\t\t\t\t\t<ul class=\"elementor-icon-list-items\">\n\t\t\t\t\t\t\t<li class=\"elementor-icon-list-item\">\n\t\t\t\t\t\t\t\t\t\t\t<span class=\"elementor-icon-list-icon\">\n\t\t\t\t\t\t\t<i aria-hidden=\"true\" class=\"fas fa-user-md\"><\/i>\t\t\t\t\t\t<\/span>\n\t\t\t\t\t\t\t\t\t\t<span class=\"elementor-icon-list-text\">Anne Azkona Unanua<\/span>\n\t\t\t\t\t\t\t\t\t<\/li>\n\t\t\t\t\t\t\t\t<li class=\"elementor-icon-list-item\">\n\t\t\t\t\t\t\t\t\t\t\t<span class=\"elementor-icon-list-icon\">\n\t\t\t\t\t\t\t<i aria-hidden=\"true\" class=\"fas fa-phone-alt\"><\/i>\t\t\t\t\t\t<\/span>\n\t\t\t\t\t\t\t\t\t\t<span class=\"elementor-icon-list-text\">Zenbakiak: 626435771<\/span>\n\t\t\t\t\t\t\t\t\t<\/li>\n\t\t\t\t\t\t\t\t<li class=\"elementor-icon-list-item\">\n\t\t\t\t\t\t\t\t\t\t\t<span class=\"elementor-icon-list-icon\">\n\t\t\t\t\t\t\t<i aria-hidden=\"true\" class=\"fas fa-mail-bulk\"><\/i>\t\t\t\t\t\t<\/span>\n\t\t\t\t\t\t\t\t\t\t<span class=\"elementor-icon-list-text\">E-mail: <a href=\"mailto:info@anne.nutricion.es\">info@annenutricion.es<\/a><\/span>\n\t\t\t\t\t\t\t\t\t<\/li>\n\t\t\t\t\t\t\t\t<li class=\"elementor-icon-list-item\">\n\t\t\t\t\t\t\t\t\t\t\t<span class=\"elementor-icon-list-icon\">\n\t\t\t\t\t\t\t<i aria-hidden=\"true\" class=\"fas fa-map-marker-alt\"><\/i>\t\t\t\t\t\t<\/span>\n\t\t\t\t\t\t\t\t\t\t<span class=\"elementor-icon-list-text\">Kokapena Lakuntza: Estafetako Kalea 16 (atzeko aldea) Bosteko masaje zentroa<\/span>\n\t\t\t\t\t\t\t\t\t<\/li>\n\t\t\t\t\t\t\t\t<li class=\"elementor-icon-list-item\">\n\t\t\t\t\t\t\t\t\t\t\t<span class=\"elementor-icon-list-icon\">\n\t\t\t\t\t\t\t<i aria-hidden=\"true\" class=\"fas fa-map-marker-alt\"><\/i>\t\t\t\t\t\t<\/span>\n\t\t\t\t\t\t\t\t\t\t<span class=\"elementor-icon-list-text\">Ubicaci\u00f3n San Jorge: calle Dr. H\u00fader 4, bajo derecha, Kresala Klinika<\/span>\n\t\t\t\t\t\t\t\t\t<\/li>\n\t\t\t\t\t\t\t\t<li class=\"elementor-icon-list-item\">\n\t\t\t\t\t\t\t\t\t\t\t<span class=\"elementor-icon-list-icon\">\n\t\t\t\t\t\t\t<i aria-hidden=\"true\" class=\"fas fa-info-circle\"><\/i>\t\t\t\t\t\t<\/span>\n\t\t\t\t\t\t\t\t\t\t<span class=\"elementor-icon-list-text\">Google maps-en aurkitu ahal nauzu.<\/span>\n\t\t\t\t\t\t\t\t\t<\/li>\n\t\t\t\t\t\t<\/ul>\n\t\t\t\t\t\t<\/div>\n\t\t\t\t<\/div>\n\t\t\t\t<div class=\"elementor-element elementor-element-aee5680 elementor-widget elementor-widget-image\" data-id=\"aee5680\" data-element_type=\"widget\" data-widget_type=\"image.default\">\n\t\t\t\t<div class=\"elementor-widget-container\">\n\t\t\t\t\t\t\t\t\t\t\t\t\t\t\t<img fetchpriority=\"high\" decoding=\"async\" width=\"750\" height=\"500\" src=\"https:\/\/www.annenutricion.es\/wp-content\/uploads\/2021\/02\/telefono1-1-768x512.jpg\" class=\"attachment-medium_large size-medium_large wp-image-1446\" alt=\"\" srcset=\"https:\/\/www.annenutricion.es\/wp-content\/uploads\/2021\/02\/telefono1-1-768x512.jpg 768w, https:\/\/www.annenutricion.es\/wp-content\/uploads\/2021\/02\/telefono1-1-300x200.jpg 300w, https:\/\/www.annenutricion.es\/wp-content\/uploads\/2021\/02\/telefono1-1-1024x683.jpg 1024w, https:\/\/www.annenutricion.es\/wp-content\/uploads\/2021\/02\/telefono1-1-1536x1024.jpg 1536w, https:\/\/www.annenutricion.es\/wp-content\/uploads\/2021\/02\/telefono1-1-2048x1365.jpg 2048w, https:\/\/www.annenutricion.es\/wp-content\/uploads\/2021\/02\/telefono1-1-16x12.jpg 16w, https:\/\/www.annenutricion.es\/wp-content\/uploads\/2021\/02\/telefono1-1-1568x1045.jpg 1568w\" sizes=\"(max-width: 750px) 100vw, 750px\" style=\"width:100%;height:66.68%;max-width:2560px\" \/>\t\t\t\t\t\t\t\t\t\t\t\t\t\t\t<\/div>\n\t\t\t\t<\/div>\n\t\t\t\t\t<\/div>\n\t\t<\/div>\n\t\t\t\t<div class=\"elementor-column elementor-col-25 elementor-top-column elementor-element elementor-element-36df131b\" data-id=\"36df131b\" data-element_type=\"column\">\n\t\t\t<div class=\"elementor-widget-wrap elementor-element-populated\">\n\t\t\t\t\t\t<div class=\"elementor-element elementor-element-7aaf429e animated-slow elementor-invisible elementor-widget elementor-widget-google_maps\" data-id=\"7aaf429e\" data-element_type=\"widget\" data-settings=\"{&quot;_animation&quot;:&quot;fadeInUp&quot;}\" data-widget_type=\"google_maps.default\">\n\t\t\t\t<div class=\"elementor-widget-container\">\n\t\t\t\t\t\t\t<div class=\"elementor-custom-embed\">\n\t\t\t<iframe loading=\"lazy\"\n\t\t\t\t\tsrc=\"https:\/\/maps.google.com\/maps?q=Lakuntza%20calle%20estafeta%20bosteko&#038;t=m&#038;z=18&#038;output=embed&#038;iwloc=near\"\n\t\t\t\t\ttitle=\"Lakuntza calle estafeta bosteko\"\n\t\t\t\t\taria-label=\"Lakuntza calle estafeta bosteko\"\n\t\t\t><\/iframe>\n\t\t<\/div>\n\t\t\t\t\t\t<\/div>\n\t\t\t\t<\/div>\n\t\t\t\t<div class=\"elementor-element elementor-element-89b749a animated-slow elementor-invisible elementor-widget elementor-widget-google_maps\" data-id=\"89b749a\" data-element_type=\"widget\" data-settings=\"{&quot;_animation&quot;:&quot;fadeInUp&quot;}\" data-widget_type=\"google_maps.default\">\n\t\t\t\t<div class=\"elementor-widget-container\">\n\t\t\t\t\t\t\t<div class=\"elementor-custom-embed\">\n\t\t\t<iframe loading=\"lazy\"\n\t\t\t\t\tsrc=\"https:\/\/maps.google.com\/maps?q=%20calle%20Dr.%20H%C3%BAder%204%2C%20bajo%20derecha%2C%20Kresala%20Klinika&#038;t=m&#038;z=18&#038;output=embed&#038;iwloc=near\"\n\t\t\t\t\ttitle=\" calle Dr. H\u00fader 4, bajo derecha, Kresala Klinika\"\n\t\t\t\t\taria-label=\" calle Dr. H\u00fader 4, bajo derecha, Kresala Klinika\"\n\t\t\t><\/iframe>\n\t\t<\/div>\n\t\t\t\t\t\t<\/div>\n\t\t\t\t<\/div>\n\t\t\t\t\t<\/div>\n\t\t<\/div>\n\t\t\t\t<div class=\"elementor-column elementor-col-25 elementor-top-column elementor-element elementor-element-4d4f2688\" data-id=\"4d4f2688\" data-element_type=\"column\">\n\t\t\t<div class=\"elementor-widget-wrap\">\n\t\t\t\t\t\t\t<\/div>\n\t\t<\/div>\n\t\t\t\t\t<\/div>\n\t\t<\/section>\n\t\t\t\t<section class=\"elementor-section elementor-top-section elementor-element elementor-element-335ba74c elementor-section-boxed elementor-section-height-default elementor-section-height-default\" data-id=\"335ba74c\" data-element_type=\"section\">\n\t\t\t\t\t\t<div class=\"elementor-container elementor-column-gap-no\">\n\t\t\t\t\t<div class=\"elementor-column elementor-col-100 elementor-top-column elementor-element elementor-element-15a60ea\" data-id=\"15a60ea\" data-element_type=\"column\">\n\t\t\t<div class=\"elementor-widget-wrap elementor-element-populated\">\n\t\t\t\t\t\t<div class=\"elementor-element elementor-element-289c057 elementor-widget elementor-widget-menu-anchor\" data-id=\"289c057\" data-element_type=\"widget\" data-widget_type=\"menu-anchor.default\">\n\t\t\t\t<div class=\"elementor-widget-container\">\n\t\t\t\t\t\t\t<div class=\"elementor-menu-anchor\" id=\"form\"><\/div>\n\t\t\t\t\t\t<\/div>\n\t\t\t\t<\/div>\n\t\t\t\t\t<\/div>\n\t\t<\/div>\n\t\t\t\t\t<\/div>\n\t\t<\/section>\n\t\t\t\t<\/div>","protected":false},"excerpt":{"rendered":"<p>Contacta conmigo \u00bfTienes alguna duda? Cu\u00e9ntame que necesitas saber para empezar lo antes posible. Pide tu cita aqu\u00ed Anne Azkona Unanua Tel\u00e9fono: 626435771 E-mail: info@annenutricion.es Ubicaci\u00f3n Lakuntza: Calle Estafeta 16 (trasera). Bosteko masaje zentroa Ubicaci\u00f3n San Jorge: calle Dr. H\u00fader 4, bajo derecha, Kresala Klinika Puedes encontrarme desde el Google Maps, a continuaci\u00f3n:<\/p>","protected":false},"author":1,"featured_media":0,"parent":0,"menu_order":0,"comment_status":"closed","ping_status":"closed","template":"elementor_header_footer","meta":{"_joinchat":[],"footnotes":""},"class_list":["post-17","page","type-page","status-publish","hentry","entry"],"yoast_head":"<!-- This site is optimized with the Yoast SEO plugin v26.7 - https:\/\/yoast.com\/wordpress\/plugins\/seo\/ -->\n<title>Contacta - Anne Nutricion<\/title>\n<meta name=\"robots\" content=\"index, follow, max-snippet:-1, max-image-preview:large, max-video-preview:-1\" \/>\n<link rel=\"canonical\" href=\"https:\/\/www.annenutricion.es\/eusk\/contacta\/\" \/>\n<meta property=\"og:locale\" content=\"en_US\" \/>\n<meta property=\"og:type\" content=\"article\" \/>\n<meta property=\"og:title\" content=\"Contacta - Anne Nutricion\" \/>\n<meta property=\"og:description\" content=\"Contacta conmigo \u00bfTienes alguna duda? Cu\u00e9ntame que necesitas saber para empezar lo antes posible. Pide tu cita aqu\u00ed Anne Azkona Unanua Tel\u00e9fono: 626435771 E-mail: info@annenutricion.es Ubicaci\u00f3n Lakuntza: Calle Estafeta 16 (trasera). Bosteko masaje zentroa Ubicaci\u00f3n San Jorge: calle Dr. H\u00fader 4, bajo derecha, Kresala Klinika Puedes encontrarme desde el Google Maps, a continuaci\u00f3n:\" \/>\n<meta property=\"og:url\" content=\"https:\/\/www.annenutricion.es\/eusk\/contacta\/\" \/>\n<meta property=\"og:site_name\" content=\"Anne Nutricion\" \/>\n<meta property=\"article:modified_time\" content=\"2025-07-29T18:49:38+00:00\" \/>\n<meta property=\"og:image\" content=\"https:\/\/www.annenutricion.es\/wp-content\/uploads\/2021\/02\/telefono1-1-scaled.jpg\" \/>\n\t<meta property=\"og:image:width\" content=\"2560\" \/>\n\t<meta property=\"og:image:height\" content=\"1707\" \/>\n\t<meta property=\"og:image:type\" content=\"image\/jpeg\" \/>\n<meta name=\"twitter:card\" content=\"summary_large_image\" \/>\n<meta name=\"twitter:label1\" content=\"Est. reading time\" \/>\n\t<meta name=\"twitter:data1\" content=\"1 minutua\" \/>\n<script type=\"application\/ld+json\" class=\"yoast-schema-graph\">{\"@context\":\"https:\/\/schema.org\",\"@graph\":[{\"@type\":\"WebPage\",\"@id\":\"https:\/\/www.annenutricion.es\/contacta\/\",\"url\":\"https:\/\/www.annenutricion.es\/contacta\/\",\"name\":\"Contacta - Anne Nutricion\",\"isPartOf\":{\"@id\":\"https:\/\/www.annenutricion.es\/#website\"},\"primaryImageOfPage\":{\"@id\":\"https:\/\/www.annenutricion.es\/contacta\/#primaryimage\"},\"image\":{\"@id\":\"https:\/\/www.annenutricion.es\/contacta\/#primaryimage\"},\"thumbnailUrl\":\"https:\/\/www.annenutricion.es\/wp-content\/uploads\/2021\/02\/telefono1-1-768x512.jpg\",\"datePublished\":\"2021-01-26T16:03:36+00:00\",\"dateModified\":\"2025-07-29T18:49:38+00:00\",\"breadcrumb\":{\"@id\":\"https:\/\/www.annenutricion.es\/contacta\/#breadcrumb\"},\"inLanguage\":\"eu\",\"potentialAction\":[{\"@type\":\"ReadAction\",\"target\":[\"https:\/\/www.annenutricion.es\/contacta\/\"]}]},{\"@type\":\"ImageObject\",\"inLanguage\":\"eu\",\"@id\":\"https:\/\/www.annenutricion.es\/contacta\/#primaryimage\",\"url\":\"https:\/\/www.annenutricion.es\/wp-content\/uploads\/2021\/02\/telefono1-1-768x512.jpg\",\"contentUrl\":\"https:\/\/www.annenutricion.es\/wp-content\/uploads\/2021\/02\/telefono1-1-768x512.jpg\"},{\"@type\":\"BreadcrumbList\",\"@id\":\"https:\/\/www.annenutricion.es\/contacta\/#breadcrumb\",\"itemListElement\":[{\"@type\":\"ListItem\",\"position\":1,\"name\":\"Home\",\"item\":\"https:\/\/www.annenutricion.es\/\"},{\"@type\":\"ListItem\",\"position\":2,\"name\":\"Contacta\"}]},{\"@type\":\"WebSite\",\"@id\":\"https:\/\/www.annenutricion.es\/#website\",\"url\":\"https:\/\/www.annenutricion.es\/\",\"name\":\"Anne Nutricion\",\"description\":\"Busco tu adherencia a la pauta nutricional, para construir h\u00e1bitos saludables duraderos y para siempre.\",\"publisher\":{\"@id\":\"https:\/\/www.annenutricion.es\/#organization\"},\"potentialAction\":[{\"@type\":\"SearchAction\",\"target\":{\"@type\":\"EntryPoint\",\"urlTemplate\":\"https:\/\/www.annenutricion.es\/?s={search_term_string}\"},\"query-input\":{\"@type\":\"PropertyValueSpecification\",\"valueRequired\":true,\"valueName\":\"search_term_string\"}}],\"inLanguage\":\"eu\"},{\"@type\":\"Organization\",\"@id\":\"https:\/\/www.annenutricion.es\/#organization\",\"name\":\"Anne Nutricion\",\"url\":\"https:\/\/www.annenutricion.es\/\",\"logo\":{\"@type\":\"ImageObject\",\"inLanguage\":\"eu\",\"@id\":\"https:\/\/www.annenutricion.es\/#\/schema\/logo\/image\/\",\"url\":\"https:\/\/www.annenutricion.es\/wp-content\/uploads\/2021\/01\/cropped-logo_sinmarco.png\",\"contentUrl\":\"https:\/\/www.annenutricion.es\/wp-content\/uploads\/2021\/01\/cropped-logo_sinmarco.png\",\"width\":1181,\"height\":443,\"caption\":\"Anne Nutricion\"},\"image\":{\"@id\":\"https:\/\/www.annenutricion.es\/#\/schema\/logo\/image\/\"}}]}<\/script>\n<!-- \/ Yoast SEO plugin. -->","yoast_head_json":{"title":"Contacta - Anne Nutricion","robots":{"index":"index","follow":"follow","max-snippet":"max-snippet:-1","max-image-preview":"max-image-preview:large","max-video-preview":"max-video-preview:-1"},"canonical":"https:\/\/www.annenutricion.es\/eusk\/contacta\/","og_locale":"en_US","og_type":"article","og_title":"Contacta - Anne Nutricion","og_description":"Contacta conmigo \u00bfTienes alguna duda? Cu\u00e9ntame que necesitas saber para empezar lo antes posible. Pide tu cita aqu\u00ed Anne Azkona Unanua Tel\u00e9fono: 626435771 E-mail: info@annenutricion.es Ubicaci\u00f3n Lakuntza: Calle Estafeta 16 (trasera). Bosteko masaje zentroa Ubicaci\u00f3n San Jorge: calle Dr. H\u00fader 4, bajo derecha, Kresala Klinika Puedes encontrarme desde el Google Maps, a continuaci\u00f3n:","og_url":"https:\/\/www.annenutricion.es\/eusk\/contacta\/","og_site_name":"Anne Nutricion","article_modified_time":"2025-07-29T18:49:38+00:00","og_image":[{"width":2560,"height":1707,"url":"https:\/\/www.annenutricion.es\/wp-content\/uploads\/2021\/02\/telefono1-1-scaled.jpg","type":"image\/jpeg"}],"twitter_card":"summary_large_image","twitter_misc":{"Est. reading time":"1 minutua"},"schema":{"@context":"https:\/\/schema.org","@graph":[{"@type":"WebPage","@id":"https:\/\/www.annenutricion.es\/contacta\/","url":"https:\/\/www.annenutricion.es\/contacta\/","name":"Contacta - Anne Nutricion","isPartOf":{"@id":"https:\/\/www.annenutricion.es\/#website"},"primaryImageOfPage":{"@id":"https:\/\/www.annenutricion.es\/contacta\/#primaryimage"},"image":{"@id":"https:\/\/www.annenutricion.es\/contacta\/#primaryimage"},"thumbnailUrl":"https:\/\/www.annenutricion.es\/wp-content\/uploads\/2021\/02\/telefono1-1-768x512.jpg","datePublished":"2021-01-26T16:03:36+00:00","dateModified":"2025-07-29T18:49:38+00:00","breadcrumb":{"@id":"https:\/\/www.annenutricion.es\/contacta\/#breadcrumb"},"inLanguage":"eu","potentialAction":[{"@type":"ReadAction","target":["https:\/\/www.annenutricion.es\/contacta\/"]}]},{"@type":"ImageObject","inLanguage":"eu","@id":"https:\/\/www.annenutricion.es\/contacta\/#primaryimage","url":"https:\/\/www.annenutricion.es\/wp-content\/uploads\/2021\/02\/telefono1-1-768x512.jpg","contentUrl":"https:\/\/www.annenutricion.es\/wp-content\/uploads\/2021\/02\/telefono1-1-768x512.jpg"},{"@type":"BreadcrumbList","@id":"https:\/\/www.annenutricion.es\/contacta\/#breadcrumb","itemListElement":[{"@type":"ListItem","position":1,"name":"Home","item":"https:\/\/www.annenutricion.es\/"},{"@type":"ListItem","position":2,"name":"Contacta"}]},{"@type":"WebSite","@id":"https:\/\/www.annenutricion.es\/#website","url":"https:\/\/www.annenutricion.es\/","name":"Anne Nutricion","description":"Nutrizio-jarraibidearekiko atxikimendua bilatzen dut, betirako ohitura osasuntsu iraunkorrak eraikitzeko.","publisher":{"@id":"https:\/\/www.annenutricion.es\/#organization"},"potentialAction":[{"@type":"SearchAction","target":{"@type":"EntryPoint","urlTemplate":"https:\/\/www.annenutricion.es\/?s={search_term_string}"},"query-input":{"@type":"PropertyValueSpecification","valueRequired":true,"valueName":"search_term_string"}}],"inLanguage":"eu"},{"@type":"Organization","@id":"https:\/\/www.annenutricion.es\/#organization","name":"Anne Nutricion","url":"https:\/\/www.annenutricion.es\/","logo":{"@type":"ImageObject","inLanguage":"eu","@id":"https:\/\/www.annenutricion.es\/#\/schema\/logo\/image\/","url":"https:\/\/www.annenutricion.es\/wp-content\/uploads\/2021\/01\/cropped-logo_sinmarco.png","contentUrl":"https:\/\/www.annenutricion.es\/wp-content\/uploads\/2021\/01\/cropped-logo_sinmarco.png","width":1181,"height":443,"caption":"Anne Nutricion"},"image":{"@id":"https:\/\/www.annenutricion.es\/#\/schema\/logo\/image\/"}}]}},"_links":{"self":[{"href":"https:\/\/www.annenutricion.es\/eusk\/wp-json\/wp\/v2\/pages\/17","targetHints":{"allow":["GET"]}}],"collection":[{"href":"https:\/\/www.annenutricion.es\/eusk\/wp-json\/wp\/v2\/pages"}],"about":[{"href":"https:\/\/www.annenutricion.es\/eusk\/wp-json\/wp\/v2\/types\/page"}],"author":[{"embeddable":true,"href":"https:\/\/www.annenutricion.es\/eusk\/wp-json\/wp\/v2\/users\/1"}],"replies":[{"embeddable":true,"href":"https:\/\/www.annenutricion.es\/eusk\/wp-json\/wp\/v2\/comments?post=17"}],"version-history":[{"count":247,"href":"https:\/\/www.annenutricion.es\/eusk\/wp-json\/wp\/v2\/pages\/17\/revisions"}],"predecessor-version":[{"id":2713,"href":"https:\/\/www.annenutricion.es\/eusk\/wp-json\/wp\/v2\/pages\/17\/revisions\/2713"}],"wp:attachment":[{"href":"https:\/\/www.annenutricion.es\/eusk\/wp-json\/wp\/v2\/media?parent=17"}],"curies":[{"name":"wp","href":"https:\/\/api.w.org\/{rel}","templated":true}]}}